{"id":235,"date":"2024-09-06T13:11:49","date_gmt":"2024-09-06T13:11:49","guid":{"rendered":"https:\/\/website13741.live-website.com\/?page_id=235"},"modified":"2025-03-21T16:24:47","modified_gmt":"2025-03-21T16:24:47","slug":"datenschutz","status":"publish","type":"page","link":"https:\/\/steuerkanzlei-schumacher.de\/en\/datenschutz\/","title":{"rendered":"Data policy"},"content":{"rendered":"<div class=\"kb-row-layout-wrap kb-row-layout-id235_a65ddf-2d alignfull wp-block-kadence-rowlayout\"><div class=\"kt-row-column-wrap kt-has-1-columns kt-row-layout-equal kt-tab-layout-inherit kt-mobile-layout-row kt-row-valign-top\">\n\n<div class=\"wp-block-kadence-column kadence-column235_17c8f8-7c\"><div class=\"kt-inside-inner-col\">\n<p>Personal data (usually referred to just as \u201edata\u201c below) will only be \nprocessed by us to the extent necessary and for the purpose of providing \na functional and user-friendly website, including its contents, and the \nservices offered there.<\/p>\n\n\n\n<p>Gem\u00e4\u00df&nbsp;<a href=\"https:\/\/dejure.org\/gesetze\/DSGVO\/4.html\" rel=\"noreferrer noopener\" target=\"_blank\">Art. 4 Ziffer 1<\/a>. der Verordnung (EU) 2016\/679, also der Datenschutz-Grundverordnung (nachfolgend nur \u201eDSGVO\u201c genannt), gilt als \u201eVerarbeitung\u201c jeder mit oder ohne Hilfe automatisierter Verfahren ausgef\u00fchrter Vorgang oder jede solche Vorgangsreihe im Zusammenhang mit personenbezogenen Daten, wie das Erheben, das Erfassen, die Organisation, das Ordnen, die Speicherung, die Anpassung oder Ver\u00e4nderung, das Auslesen, das Abfragen, die Verwendung, die Offenlegung durch \u00dcbermittlung, Verbreitung oder eine andere Form der Bereitstellung, den Abgleich oder die Verkn\u00fcpfung, die Einschr\u00e4nkung, das L\u00f6schen oder die Vernichtung.<\/p>\n\n\n\n<p>The following privacy policy is intended to inform you in particular \nabout the type, scope, purpose, duration, and legal basis for the \nprocessing of such data either under our own control or in conjunction \nwith others. We also inform you below about the third-party components \nwe use to optimize our website and improve the user experience which may \nresult in said third parties also processing data they collect and \ncontrol.<\/p>\n\n\n\n<p>Our privacy policy is structured as follows:<\/p>\n\n\n\n<p>I. Information about us as controllers of your data<br>II. Rechte der Nutzer und Betroffenen<br>III. Information about the data processing<\/p>\n\n\n\n<h4 class=\"wp-block-heading\">I. Information about us as controllers of your data<\/h4>\n\n\n\n<p>The party responsible for this website (the \u201econtroller\u201c) for purposes \nof data protection law is:<\/p>\n\n\n\n<p>Carola Schumacher Steuerberatung<br>Diplom-Kauffrau Carola Schumacher<br>Schlesische Str. 38 Berlin<\/p>\n\n\n\n<p>Telefon: 03061403567<br>E-Mail: info@stb-carola-schumacher.de<\/p>\n\n\n\n<h4 class=\"wp-block-heading\">II. Rechte der Nutzer und Betroffenen<\/h4>\n\n\n\n<p>Mit Blick auf die nachfolgend noch n\u00e4her beschriebene Datenverarbeitung haben die Nutzer und Betroffenen das Recht<\/p>\n\n\n\n<ul class=\"wp-block-list\">\n<li>auf Best\u00e4tigung, ob sie betreffende Daten verarbeitet werden, auf Auskunft \u00fcber die verarbeiteten Daten, auf weitere Informationen \u00fcber die Datenverarbeitung sowie auf Kopien der Daten (vgl. auch\u00a0<a href=\"https:\/\/dejure.org\/gesetze\/DSGVO\/15.html\" target=\"_blank\" rel=\"noreferrer noopener\">Art. 15 DSGVO<\/a>);<\/li>\n\n\n\n<li>auf Berichtigung oder Vervollst\u00e4ndigung unrichtiger bzw. unvollst\u00e4ndiger Daten (vgl. auch\u00a0<a href=\"https:\/\/dejure.org\/gesetze\/DSGVO\/16.html\" target=\"_blank\" rel=\"noreferrer noopener\">Art. 16 DSGVO<\/a>);<\/li>\n\n\n\n<li>auf unverz\u00fcgliche L\u00f6schung der sie betreffenden Daten (vgl. auch\u00a0<a href=\"https:\/\/dejure.org\/gesetze\/DSGVO\/17.html\" target=\"_blank\" rel=\"noreferrer noopener\">Art. 17 DSGVO<\/a>), oder, alternativ, soweit eine weitere Verarbeitung gem\u00e4\u00df\u00a0<a href=\"https:\/\/dejure.org\/gesetze\/DSGVO\/17.html\" target=\"_blank\" rel=\"noreferrer noopener\">Art. 17 Abs. 3 DSGVO<\/a>\u00a0erforderlich ist, auf Einschr\u00e4nkung der Verarbeitung nach Ma\u00dfgabe von\u00a0<a href=\"https:\/\/dejure.org\/gesetze\/DSGVO\/18.html\" target=\"_blank\" rel=\"noreferrer noopener\">Art. 18 DSGVO<\/a>;<\/li>\n\n\n\n<li>auf Erhalt der sie betreffenden und von ihnen bereitgestellten Daten und auf \u00dcbermittlung dieser Daten an andere Anbieter\/Verantwortliche (vgl. auch\u00a0<a href=\"https:\/\/dejure.org\/gesetze\/DSGVO\/20.html\" target=\"_blank\" rel=\"noreferrer noopener\">Art. 20 DSGVO<\/a>);<\/li>\n\n\n\n<li>auf Beschwerde gegen\u00fcber der Aufsichtsbeh\u00f6rde, sofern sie der Ansicht sind, dass die sie betreffenden Daten durch den Anbieter unter Versto\u00df gegen datenschutzrechtliche Bestimmungen verarbeitet werden (vgl. auch\u00a0<a href=\"https:\/\/dejure.org\/gesetze\/DSGVO\/77.html\" target=\"_blank\" rel=\"noreferrer noopener\">Art. 77 DSGVO<\/a>).<\/li>\n<\/ul>\n\n\n\n<p>Dar\u00fcber hinaus ist der Anbieter dazu verpflichtet, alle Empf\u00e4nger, denen gegen\u00fcber Daten durch den Anbieter offengelegt worden sind, \u00fcber jedwede Berichtigung oder L\u00f6schung von Daten oder die Einschr\u00e4nkung der Verarbeitung, die aufgrund der&nbsp;<a href=\"https:\/\/dejure.org\/gesetze\/DSGVO\/16.html\" rel=\"noreferrer noopener\" target=\"_blank\">Artikel 16<\/a>,&nbsp;<a href=\"https:\/\/dejure.org\/gesetze\/DSGVO\/17.html\" rel=\"noreferrer noopener\" target=\"_blank\">17 Abs. 1<\/a>,&nbsp;<a href=\"https:\/\/dejure.org\/gesetze\/DSGVO\/18.html\" rel=\"noreferrer noopener\" target=\"_blank\">18 DSGVO<\/a>&nbsp;erfolgt, zu unterrichten. Diese Verpflichtung besteht jedoch nicht, soweit diese Mitteilung unm\u00f6glich oder mit einem unverh\u00e4ltnism\u00e4\u00dfigen Aufwand verbunden ist. Unbeschadet dessen hat der Nutzer ein Recht auf Auskunft \u00fcber diese Empf\u00e4nger.<\/p>\n\n\n\n<p>Ebenfalls haben die Nutzer und Betroffenen nach\u00a0<a href=\"https:\/\/dejure.org\/gesetze\/DSGVO\/21.html\" target=\"_blank\" rel=\"noreferrer noopener\">Art. 21 DSGVO<\/a>\u00a0das Recht auf Widerspruch gegen die k\u00fcnftige Verarbeitung der sie betreffenden Daten, sofern die Daten durch den Anbieter nach Ma\u00dfgabe von\u00a0<a href=\"https:\/\/dejure.org\/gesetze\/DSGVO\/6.html\" target=\"_blank\" rel=\"noreferrer noopener\">Art. 6 Abs. 1 lit. f) DSGVO<\/a>\u00a0verarbeitet werden. Insbesondere ist ein Widerspruch gegen die Datenverarbeitung zum Zwecke der Direktwerbung statthaft.<\/p>\n\n\n\n<h4 class=\"wp-block-heading\">III. Information about the data processing<\/h4>\n\n\n\n<p>Your data processed when using our website will be deleted or blocked as \nsoon as the purpose for its storage ceases to apply, provided the \ndeletion of the same is not in breach of any statutory storage \nobligations or unless otherwise stipulated below.<\/p>\n\n\n\n<h4 class=\"wp-block-heading\">Contact<\/h4>\n\n\n\n<p>If you contact us via email or the contact form, the data you provide \nwill be used for the purpose of processing your request. We must have \nthis data in order to process and answer your inquiry; otherwise we will \nnot be able to answer it in full or at all.<\/p>\n\n\n\n<p>Rechtsgrundlage f\u00fcr diese Verarbeitung ist&nbsp;<a href=\"https:\/\/dejure.org\/gesetze\/DSGVO\/6.html\" rel=\"noreferrer noopener\" target=\"_blank\">Art. 6 Abs. 1 lit. b) DSGVO<\/a>.<\/p>\n\n\n\n<p>Your data will be deleted once we have fully answered your inquiry and \nthere is no further legal obligation to store your data, such as if an \norder or contract resulted therefrom.<\/p>\n\n\n\n<h4 class=\"wp-block-heading\">IONOS Tracking MYWEBSITE<\/h4>\n\n\n\n<p>We use MyWebsite on our website. This is a service of 1 &amp; 1 IONOS SE, \nElgendorfer Str. 57, 56410 Montabaur, hereinafter referred to as \n\u201eMyWebsite\u201c.<\/p>\n\n\n\n<p>Durch MyWebsite werden Tracking-Cookies \u00fcber Ihren Internet-Browser Cookies auf Ihrem Endger\u00e4t gespeichert, die auf der Technologie Snowplow Analytics von der Snowplow Analytics Limited, 32-38, Scrutton Street, London, Gro\u00dfbritannien, basieren. Mit Hilfe dieser Cookies kann z. B. ausgewertet werden, wie h\u00e4ufig Sie unseren Internetauftritt besuchen oder welche (Unter-) Seiten unseres Internetauftritts aufgerufen werden. Die 1&amp;1 IONOS SE gibt hierzu an, dass dabei keinerlei personenbezogene Daten erfasst w\u00fcrden.<\/p>\n\n\n\n<p>Im Falle einer von Ihnen erteilten Einwilligung f\u00fcr diese Verarbeitung ist Rechtsgrundlage&nbsp;<a href=\"https:\/\/dejure.org\/gesetze\/DSGVO\/6.html\" rel=\"noreferrer noopener\" target=\"_blank\">Art. 6 Abs. 1 lit. a DSGVO<\/a>. Rechtsgrundlage kann auch&nbsp;<a href=\"https:\/\/dejure.org\/gesetze\/DSGVO\/6.html\" rel=\"noreferrer noopener\" target=\"_blank\">Art. 6 Abs. 1 lit. f DSGVO<\/a>&nbsp;sein. Unser berechtigtes Interesse liegt in der Verbesserung und Optimierung unseres Internetauftritts.<\/p>\n\n\n\n<p>If you do not agree to this processing, you have the option of \npreventing the installation of cookies by making the appropriate \nsettings in your browser. You can find more information on this under \n\u201cCookies\u201d above.<\/p>\n\n\n\n<h4 class=\"wp-block-heading\">IONOS WebAnalytics<\/h4>\n\n\n\n<p>In unserem Internetauftritt setzen wir WebAnalytics ein. Hierbei handelt es sich um einen Analyse-Dienst der 1&amp;1 IONOS SE, Elgendorfer Str. 57, 56410 Montabaur, Deutschland, nachfolgend nur \u201eWebAnalytics\u201c genannt, mit dem wir die Benutzung unseres Internetauftritts analysieren k\u00f6nnen.<\/p>\n\n\n\n<p>Zur Analyse werden anhand eines Pixels oder \u00fcber die Logfiles in unserem Auftrag Daten \u00fcber Typ und Version Ihres Internetbrowsers, Ihr Betriebssystem, der Typ Ihres Endger\u00e4tes, die Website, von der aus Sie auf unseren Internetauftritt gewechselt haben (Referrer URL), die Website(s) unseres Internetauftritts, die Sie besuchen, oder die Dateien, die Sie anfordern, Datum und Uhrzeit des jeweiligen Zugriffs sowie die anonymisierte IP-Adresse des Internetanschlusses, von dem aus die Nutzung unseres Internetauftritts erfolgt, erhoben.<\/p>\n\n\n\n<p>Im Falle einer von Ihnen erteilten Einwilligung f\u00fcr diese Verarbeitung ist Rechtsgrundlage&nbsp;<a href=\"https:\/\/dejure.org\/gesetze\/DSGVO\/6.html\" rel=\"noreferrer noopener\" target=\"_blank\">Art. 6 Abs. 1 lit. a DSGVO<\/a>. Rechtsgrundlage kann auch&nbsp;<a href=\"https:\/\/dejure.org\/gesetze\/DSGVO\/6.html\" rel=\"noreferrer noopener\" target=\"_blank\">Art. 6 Abs. 1 lit. f DSGVO<\/a>&nbsp;sein. Unser berechtigtes Interesse liegt in der Analyse, Optimierung, Verbesserung sowie in dem wirtschaftlichen Betrieb unseres Internetauftritts.<\/p>\n\n\n\n<h4 class=\"wp-block-heading\">OpenStreetMap<\/h4>\n\n\n\n<p>For directions on our site, we use OpenStreetMap, a service of the \nOpenStreetMap Foundation, St John\u2019s Innovation Centre, Cowley Road, \nCambridge, CB4 0WS, United Kingdom, hereinafter referred to as \n\u201eOpenStreetMap\u201c.<\/p>\n\n\n\n<p>When you access one of our Internet pages that includes the \nOpenStreetMap service, OpenStreetMap stores a cookie on your terminal \ndevice via your browser. This processes your user settings and user data \nfor the purpose of displaying the page or guaranteeing the functionality \nof the OpenStreetMap service. Through this processing, OpenStreetMap can \nrecognize the website from which your request has been sent and to which \nIP address the directions should be transmitted.<\/p>\n\n\n\n<p>Im Falle einer von Ihnen erteilten Einwilligung f\u00fcr diese Verarbeitung ist Rechtsgrundlage&nbsp;<a href=\"https:\/\/dejure.org\/gesetze\/DSGVO\/6.html\" rel=\"noreferrer noopener\" target=\"_blank\">Art. 6 Abs. 1 lit. a DSGVO<\/a>. Rechtsgrundlage kann auch&nbsp;<a href=\"https:\/\/dejure.org\/gesetze\/DSGVO\/6.html\" rel=\"noreferrer noopener\" target=\"_blank\">Art. 6 Abs. 1 lit. f DSGVO<\/a>&nbsp;sein. Unser berechtigtes Interesse liegt in der Optimierung und dem wirtschaftlichen Betrieb unseres Internetauftritts.<\/p>\n\n\n\n<p>If you do not agree to this processing, you have the option of \npreventing the installation of cookies by making the appropriate \nsettings in your browser. Further details can be found in the section \nabout cookies above.<\/p>\n\n\n\n<p>At this link: <a href=\"https:\/\/wiki.osmfoundation.org\/wiki\/Privacy_Policy\">https:\/\/wiki.osmfoundation.org\/wiki\/Privacy_Policy<\/a> OpenStreetMap offers further information about its data collection and \nprocessing as well your rights and your options for protecting your \nprivacy.<\/p>\n\n\n\n<p><a href=\"https:\/\/www.xn--generator-datenschutzerklrung-pqc.de\/\" target=\"_blank\" rel=\"noreferrer noopener\">Muster-Datenschutzerkl\u00e4rung<\/a>&nbsp;der&nbsp;<a href=\"https:\/\/www.xn--bewertung-lschen24-n3b.de\/\" rel=\"noreferrer noopener\" target=\"_blank\">Anwaltskanzlei Wei\u00df &amp; Partner<\/a><\/p>\n<\/div><\/div>\n\n<\/div><\/div>","protected":false},"excerpt":{"rendered":"<p>Personenbezogene Daten (nachfolgend zumeist nur \u201eDaten\u201c genannt) werden von uns nur im Rahmen der Erforderlichkeit sowie zum Zwecke der Bereitstellung eines funktionsf\u00e4higen und nutzerfreundlichen Internetauftritts, inklusive seiner Inhalte und der dort angebotenen Leistungen, verarbeitet. Gem\u00e4\u00df&nbsp;Art. 4 Ziffer 1. der Verordnung (EU) 2016\/679, also der Datenschutz-Grundverordnung (nachfolgend nur \u201eDSGVO\u201c genannt), gilt als \u201eVerarbeitung\u201c jeder mit oder [&hellip;]<\/p>\n","protected":false},"author":1,"featured_media":0,"parent":0,"menu_order":0,"comment_status":"closed","ping_status":"closed","template":"","meta":{"footnotes":""},"class_list":["post-235","page","type-page","status-publish","hentry"],"_links":{"self":[{"href":"https:\/\/steuerkanzlei-schumacher.de\/en\/wp-json\/wp\/v2\/pages\/235","targetHints":{"allow":["GET"]}}],"collection":[{"href":"https:\/\/steuerkanzlei-schumacher.de\/en\/wp-json\/wp\/v2\/pages"}],"about":[{"href":"https:\/\/steuerkanzlei-schumacher.de\/en\/wp-json\/wp\/v2\/types\/page"}],"author":[{"embeddable":true,"href":"https:\/\/steuerkanzlei-schumacher.de\/en\/wp-json\/wp\/v2\/users\/1"}],"replies":[{"embeddable":true,"href":"https:\/\/steuerkanzlei-schumacher.de\/en\/wp-json\/wp\/v2\/comments?post=235"}],"version-history":[{"count":10,"href":"https:\/\/steuerkanzlei-schumacher.de\/en\/wp-json\/wp\/v2\/pages\/235\/revisions"}],"predecessor-version":[{"id":493,"href":"https:\/\/steuerkanzlei-schumacher.de\/en\/wp-json\/wp\/v2\/pages\/235\/revisions\/493"}],"wp:attachment":[{"href":"https:\/\/steuerkanzlei-schumacher.de\/en\/wp-json\/wp\/v2\/media?parent=235"}],"curies":[{"name":"wp","href":"https:\/\/api.w.org\/{rel}","templated":true}]}}