{"id":227,"date":"2024-09-06T12:47:01","date_gmt":"2024-09-06T12:47:01","guid":{"rendered":"https:\/\/website13741.live-website.com\/?page_id=227"},"modified":"2024-09-17T14:19:45","modified_gmt":"2024-09-17T14:19:45","slug":"impressum","status":"publish","type":"page","link":"https:\/\/steuerkanzlei-schumacher.de\/en\/impressum\/","title":{"rendered":"Imprint"},"content":{"rendered":"<div class=\"kb-row-layout-wrap kb-row-layout-id227_56422c-10 alignfull wp-block-kadence-rowlayout\"><div class=\"kt-row-column-wrap kt-has-2-columns kt-row-layout-equal kt-tab-layout-inherit kt-mobile-layout-row kt-row-valign-top\">\n\n<div class=\"wp-block-kadence-column kadence-column227_e221b6-f9\"><div class=\"kt-inside-inner-col\">\n<p>Diplom-Kauffrau<br>Carola Schumacher<br>Fachberaterin f\u00fcr internationales Steuerrecht, Steuerberaterin<br>Schlesische Str. 38<br>10997 Berlin<\/p>\n\n\n<p>Telefon: +49 30 614 03 567<br>Telefax : +49 30 614 03 569<br>E-Mail: info@stb-carola-schumacher.de<\/p>\n\n\n<p><strong>VAT number:<\/strong>&nbsp;14\/526\/70460<\/p>\n\n\n<p><strong>Professional title:<\/strong>&nbsp;The legal professional title of tax consultant was acquired in the Federal Republic of Germany (Berlin).<\/p>\n\n\n<p><strong>Professional regulations:<\/strong>&nbsp;Steuerberatungsgesetz (StBerG)<br>Durchf\u00fchrungsverordnung zum Steuerberatungsgesetz (DVStB)<br>Berufsordnung f\u00fcr Steuerberater (BOStB)<br>Steuerberatergeb\u00fchrenverordnung (StGebV)<\/p>\n\n\n<p><strong>Responsible supervisory authority and chamber<\/strong><br>Tax Advisor Chamber Berlin<br>Meierottostr. 7<br>10719 Berlin<\/p>\n\n\n<div class=\"wp-block-kadence-spacer aligncenter kt-block-spacer-227_4a744c-fb\"><div class=\"kt-block-spacer kt-block-spacer-halign-center\"><hr class=\"kt-divider\"\/><\/div><\/div>\n\n\n<p>Web-Design: Pragya Pudasaini<\/p>\n\n\n<p>Fotografie: <a href=\"https:\/\/www.businessfotografieberlin.de\/\" data-type=\"link\" data-id=\"https:\/\/www.businessfotografieberlin.de\/\">Christine Fiedler<\/a> <\/p>\n<\/div><\/div>\n\n\n<div class=\"wp-block-kadence-column kadence-column227_bf304a-61\"><div class=\"kt-inside-inner-col\">\n<h3 class=\"wp-block-heading\">Disclaimer<\/h3>\n\n\n<p><strong>Content of the website:<\/strong>&nbsp;The information provided on the website of Steuerkanzlei Carola Schumacher has been carefully checked and regularly updated. However, I assume no liability for the accuracy, completeness and timeliness of this information. Liability claims against me relating to material or immaterial damage caused by the use or non-use of the information provided here or by the use of incorrect or incomplete information are fundamentally excluded.<\/p>\n\n\n<p>Furthermore, I assume no liability for the files provided for download, neither for their content nor for any viruses or other program errors. The use and utilization of the files is at your own risk.<\/p>\n\n\n<p><strong>References and links:<\/strong>&nbsp;I hereby explicitly distance myself from all contents of all linked pages on the entire website including all sub-pages and do not adopt these contents as my own. This declaration applies to all links on the homepage and to all contents of the pages to which links or banners lead.<\/p>\n\n\n<p>For illegal, incorrect or incomplete contents and in particular for damages resulting from the use or non-use of such information, the provider or operator of the page to which reference was made is solely liable.<\/p>\n\n\n<p>Should I become aware of the illegal content of third-party websites, the corresponding link will be removed from my site.<\/p>\n\n\n<p><strong>Copyright:<\/strong>&nbsp;The author endeavors to observe the copyrights of the graphics, images and texts used in all publications, to use graphics, images and texts created by herself or to use license-free graphics, images and texts. The copyright for published objects created by the author herself remains solely with the author of the pages. Any duplication or use of objects such as images, diagrams, sounds or texts in other electronic or printed publications is not permitted without the author's agreement.<\/p>\n<\/div><\/div>\n\n<\/div><\/div>","protected":false},"excerpt":{"rendered":"<p>Diplom-KauffrauCarola SchumacherFachberaterin f\u00fcr internationales Steuerrecht, SteuerberaterinSchlesische Str. 3810997 Berlin Telefon: +49 30 614 03 567Telefax : +49 30 614 03 569E-Mail: info@stb-carola-schumacher.de Umsatzsteuernummer:&nbsp;14\/526\/70460 Berufsbezeichnung:&nbsp;Die gesetzliche Berufsbezeichnung Steuerberaterin wurde in der Bundesrepublik Deutschland (Berlin) erworben. Berufsrechtliche Regelungen:&nbsp;Steuerberatungsgesetz (StBerG)Durchf\u00fchrungsverordnung zum Steuerberatungsgesetz (DVStB)Berufsordnung f\u00fcr Steuerberater (BOStB)Steuerberatergeb\u00fchrenverordnung (StGebV) Zust\u00e4ndige Aufsichtsbeh\u00f6rde und Kammer:Steuerberaterkammer BerlinMeierottostr. 710719 Berlin Web-Design: Pragya Pudasaini Fotografie: [&hellip;]<\/p>\n","protected":false},"author":1,"featured_media":0,"parent":0,"menu_order":0,"comment_status":"closed","ping_status":"closed","template":"","meta":{"footnotes":""},"class_list":["post-227","page","type-page","status-publish","hentry"],"_links":{"self":[{"href":"https:\/\/steuerkanzlei-schumacher.de\/en\/wp-json\/wp\/v2\/pages\/227","targetHints":{"allow":["GET"]}}],"collection":[{"href":"https:\/\/steuerkanzlei-schumacher.de\/en\/wp-json\/wp\/v2\/pages"}],"about":[{"href":"https:\/\/steuerkanzlei-schumacher.de\/en\/wp-json\/wp\/v2\/types\/page"}],"author":[{"embeddable":true,"href":"https:\/\/steuerkanzlei-schumacher.de\/en\/wp-json\/wp\/v2\/users\/1"}],"replies":[{"embeddable":true,"href":"https:\/\/steuerkanzlei-schumacher.de\/en\/wp-json\/wp\/v2\/comments?post=227"}],"version-history":[{"count":4,"href":"https:\/\/steuerkanzlei-schumacher.de\/en\/wp-json\/wp\/v2\/pages\/227\/revisions"}],"predecessor-version":[{"id":319,"href":"https:\/\/steuerkanzlei-schumacher.de\/en\/wp-json\/wp\/v2\/pages\/227\/revisions\/319"}],"wp:attachment":[{"href":"https:\/\/steuerkanzlei-schumacher.de\/en\/wp-json\/wp\/v2\/media?parent=227"}],"curies":[{"name":"wp","href":"https:\/\/api.w.org\/{rel}","templated":true}]}}